{"id":3429,"date":"2025-10-31T08:43:14","date_gmt":"2025-10-31T07:43:14","guid":{"rendered":"https:\/\/www.nacxwan.site\/?page_id=3429"},"modified":"2025-11-20T18:27:59","modified_gmt":"2025-11-20T17:27:59","slug":"composants","status":"publish","type":"page","link":"https:\/\/www.nacxwan.com\/fr\/composants\/","title":{"rendered":"Composants"},"content":{"rendered":"<style>.elementor-3429 .elementor-element.elementor-element-fe18025{--display:flex;--flex-direction:row;--container-widget-width:initial;--container-widget-height:100%;--container-widget-flex-grow:1;--container-widget-align-self:stretch;--flex-wrap-mobile:wrap;--gap:0px 0px;--row-gap:0px;--column-gap:0px;--margin-top:0px;--margin-bottom:0px;--margin-left:0px;--margin-right:0px;--padding-top:200px;--padding-bottom:0200px;--padding-left:10px;--padding-right:010px;}.elementor-3429 .elementor-element.elementor-element-25941bc{--display:flex;--flex-direction:column;--container-widget-width:100%;--container-widget-height:initial;--container-widget-flex-grow:0;--container-widget-align-self:initial;--flex-wrap-mobile:wrap;--gap:0px 0px;--row-gap:0px;--column-gap:0px;}.elementor-3429 .elementor-element.elementor-element-31db2fd > .elementor-widget-container{margin:0px 0px 0px 0px;padding:0px 5px 20px 0px;}.elementor-3429 .elementor-element.elementor-element-a8f0577 > .elementor-widget-container{padding:0px 5px 19px 0px;}.elementor-3429 .elementor-element.elementor-element-cf2608a{--display:flex;--flex-direction:column;--container-widget-width:100%;--container-widget-height:initial;--container-widget-flex-grow:0;--container-widget-align-self:initial;--flex-wrap-mobile:wrap;}.elementor-3429 .elementor-element.elementor-element-d8de97f{--display:flex;--flex-direction:column;--container-widget-width:100%;--container-widget-height:initial;--container-widget-flex-grow:0;--container-widget-align-self:initial;--flex-wrap-mobile:wrap;--gap:0px 0px;--row-gap:0px;--column-gap:0px;--padding-top:40px;--padding-bottom:40px;--padding-left:0px;--padding-right:0px;}.elementor-3429 .elementor-element.elementor-element-d8de97f:not(.elementor-motion-effects-element-type-background), .elementor-3429 .elementor-element.elementor-element-d8de97f > .elementor-motion-effects-container > .elementor-motion-effects-layer{background-color:var( --e-global-color-primary );}.elementor-3429 .elementor-element.elementor-element-c7addbd{width:100%;max-width:100%;}.elementor-3429 .elementor-element.elementor-element-c7addbd.elementor-element{--align-self:center;}.elementor-3429 .elementor-element.elementor-element-4defb09 > .elementor-widget-container{margin:-118.7% 0% 0% 0%;}.elementor-3429 .elementor-element.elementor-element-4defb09{width:100%;max-width:100%;}.elementor-3429 .elementor-element.elementor-element-4defb09.elementor-element{--align-self:center;}.elementor-3429 .elementor-element.elementor-element-1726e29 > .elementor-widget-container{margin:-118.7% 0% 0% 0%;}.elementor-3429 .elementor-element.elementor-element-1726e29{width:100%;max-width:100%;}.elementor-3429 .elementor-element.elementor-element-1726e29.elementor-element{--align-self:center;}.elementor-3429 .elementor-element.elementor-element-1726e29 .elementor-widget-container{--e-transform-origin-x:right;--e-transform-origin-y:bottom;}.elementor-3429 .elementor-element.elementor-element-e1c013f > .elementor-widget-container{margin:-118.7% 0% 0% 0%;}.elementor-3429 .elementor-element.elementor-element-e1c013f{width:100%;max-width:100%;}.elementor-3429 .elementor-element.elementor-element-e1c013f.elementor-element{--align-self:center;}.elementor-3429 .elementor-element.elementor-element-e1c013f .elementor-widget-container{--e-transform-origin-x:left;--e-transform-origin-y:bottom;}:root{--page-title-display:none;}@media(min-width:768px){.elementor-3429 .elementor-element.elementor-element-25941bc{--width:50%;}.elementor-3429 .elementor-element.elementor-element-cf2608a{--width:50%;}}<\/style>\t\t<div data-elementor-type=\"wp-page\" data-elementor-id=\"3429\" class=\"elementor elementor-3429 elementor-3377\" data-elementor-post-type=\"page\">\n\t\t\t\t<div class=\"elementor-element elementor-element-fe18025 e-flex e-con-boxed e-con e-parent\" data-id=\"fe18025\" data-element_type=\"container\" data-e-type=\"container\">\n\t\t\t\t\t<div class=\"e-con-inner\">\n\t\t<div class=\"elementor-element elementor-element-25941bc e-con-full e-flex e-con e-child\" data-id=\"25941bc\" data-element_type=\"container\" data-e-type=\"container\">\n\t\t\t\t<div class=\"elementor-element elementor-element-31db2fd elementor-widget elementor-widget-heading\" data-id=\"31db2fd\" data-element_type=\"widget\" data-e-type=\"widget\" data-widget_type=\"heading.default\">\n\t\t\t\t<div class=\"elementor-widget-container\">\n\t\t\t\t\t<h2 class=\"elementor-heading-title elementor-size-default\">Gagnez en s\u00e9curit\u00e9 et en agilit\u00e9\nAcc\u00e9l\u00e9rez votre d\u00e9veloppement et simplifiez l'acc\u00e8s aux ressources de votre entreprise<\/h2>\t\t\t\t<\/div>\n\t\t\t\t<\/div>\n\t\t\t\t<div class=\"elementor-element elementor-element-a8f0577 elementor-widget elementor-widget-text-editor\" data-id=\"a8f0577\" data-element_type=\"widget\" data-e-type=\"widget\" data-widget_type=\"text-editor.default\">\n\t\t\t\t<div class=\"elementor-widget-container\">\n\t\t\t\t\t\t\t\t\t<p class=\"p1\"><strong><span class=\"s1\">Une approche moderne<\/span><\/strong><\/p><p>Il s&rsquo;agit d&rsquo;une approche moderne qui combine le r\u00e9seau et la s\u00e9curit\u00e9 au lieu de les ajouter \u00e0 d&rsquo;anciens syst\u00e8mes. La solution NACXWAN am\u00e9liore les d\u00e9cisions de routage bas\u00e9es sur la qualit\u00e9 et l&rsquo;automatisation pour l&rsquo;auto-gu\u00e9rison du r\u00e9seau et la stabilit\u00e9 du syst\u00e8me. <\/p><p><strong>Plus facile et plus rapide<\/strong><\/p><p>La plateforme NACXWAN Cloud La gestion de 3 ou 3 000 appareils dans un r\u00e9seau se fait en quelques clics dans le syst\u00e8me de gestion central. Elle permet la cr\u00e9ation automatique de tunnels full-mesh et hub &amp; spoke pour les appareils s\u00e9lectionn\u00e9s. <\/p>\t\t\t\t\t\t\t\t<\/div>\n\t\t\t\t<\/div>\n\t\t\t\t<\/div>\n\t\t<div class=\"elementor-element elementor-element-cf2608a e-con-full e-flex e-con e-child\" data-id=\"cf2608a\" data-element_type=\"container\" data-e-type=\"container\">\n\t\t\t\t<div class=\"elementor-element elementor-element-a2b13b8 elementor-widget elementor-widget-image\" data-id=\"a2b13b8\" data-element_type=\"widget\" data-e-type=\"widget\" data-widget_type=\"image.default\">\n\t\t\t\t<div class=\"elementor-widget-container\">\n\t\t\t\t\t\t\t\t\t\t\t\t\t\t\t<img decoding=\"async\" src=\"https:\/\/nacxwan.com\/wp-content\/uploads\/2024\/10\/Capture-decran-2024-10-09-a-14.30.41-e1728477158527.png\" title=\"\" alt=\"\" loading=\"lazy\" \/>\t\t\t\t\t\t\t\t\t\t\t\t\t\t\t<\/div>\n\t\t\t\t<\/div>\n\t\t\t\t<\/div>\n\t\t\t\t\t<\/div>\n\t\t\t\t<\/div>\n\t\t<div class=\"elementor-element elementor-element-d8de97f e-flex e-con-boxed e-con e-parent\" data-id=\"d8de97f\" data-element_type=\"container\" data-e-type=\"container\" data-settings=\"{&quot;background_background&quot;:&quot;classic&quot;}\">\n\t\t\t\t\t<div class=\"e-con-inner\">\n\t\t\t\t<div class=\"elementor-element elementor-element-c7addbd elementor-widget__width-inherit elementor-widget elementor-widget-image\" data-id=\"c7addbd\" data-element_type=\"widget\" data-e-type=\"widget\" data-widget_type=\"image.default\">\n\t\t\t\t<div class=\"elementor-widget-container\">\n\t\t\t\t\t\t\t\t\t\t\t\t\t\t\t<img fetchpriority=\"high\" decoding=\"async\" width=\"1440\" height=\"1709\" src=\"https:\/\/www.nacxwan.com\/wp-content\/uploads\/2025\/09\/BASE-NM.svg\" class=\"attachment-full size-full wp-image-1829\" alt=\"\" \/>\t\t\t\t\t\t\t\t\t\t\t\t\t\t\t<\/div>\n\t\t\t\t<\/div>\n\t\t\t\t<div class=\"elementor-element elementor-element-4defb09 elementor-widget__width-inherit elementor-widget elementor-widget-image\" data-id=\"4defb09\" data-element_type=\"widget\" data-e-type=\"widget\" data-settings=\"{&quot;motion_fx_motion_fx_scrolling&quot;:&quot;yes&quot;,&quot;motion_fx_translateX_effect&quot;:&quot;yes&quot;,&quot;motion_fx_translateX_direction&quot;:&quot;negative&quot;,&quot;motion_fx_translateX_affectedRange&quot;:{&quot;unit&quot;:&quot;%&quot;,&quot;size&quot;:&quot;&quot;,&quot;sizes&quot;:{&quot;start&quot;:0,&quot;end&quot;:50}},&quot;motion_fx_range&quot;:&quot;page&quot;,&quot;motion_fx_translateX_speed&quot;:{&quot;unit&quot;:&quot;px&quot;,&quot;size&quot;:4,&quot;sizes&quot;:[]},&quot;motion_fx_devices&quot;:[&quot;desktop&quot;,&quot;tablet&quot;,&quot;mobile&quot;]}\" data-widget_type=\"image.default\">\n\t\t\t\t<div class=\"elementor-widget-container\">\n\t\t\t\t\t\t\t\t\t\t\t\t\t\t\t<img decoding=\"async\" width=\"1440\" height=\"1709\" src=\"https:\/\/www.nacxwan.com\/wp-content\/uploads\/2025\/09\/FENETRE-OVERVIEW.svg\" class=\"attachment-full size-full wp-image-1825\" alt=\"\" \/>\t\t\t\t\t\t\t\t\t\t\t\t\t\t\t<\/div>\n\t\t\t\t<\/div>\n\t\t\t\t<div class=\"elementor-element elementor-element-1726e29 elementor-widget__width-inherit elementor-widget elementor-widget-image\" data-id=\"1726e29\" data-element_type=\"widget\" data-e-type=\"widget\" data-settings=\"{&quot;motion_fx_motion_fx_scrolling&quot;:&quot;yes&quot;,&quot;motion_fx_translateX_effect&quot;:&quot;yes&quot;,&quot;motion_fx_translateX_affectedRange&quot;:{&quot;unit&quot;:&quot;%&quot;,&quot;size&quot;:&quot;&quot;,&quot;sizes&quot;:{&quot;start&quot;:0,&quot;end&quot;:50}},&quot;motion_fx_rotateZ_effect&quot;:&quot;yes&quot;,&quot;motion_fx_rotateZ_affectedRange&quot;:{&quot;unit&quot;:&quot;%&quot;,&quot;size&quot;:&quot;&quot;,&quot;sizes&quot;:{&quot;start&quot;:0,&quot;end&quot;:50}},&quot;motion_fx_range&quot;:&quot;page&quot;,&quot;motion_fx_translateX_speed&quot;:{&quot;unit&quot;:&quot;px&quot;,&quot;size&quot;:4,&quot;sizes&quot;:[]},&quot;motion_fx_rotateZ_speed&quot;:{&quot;unit&quot;:&quot;px&quot;,&quot;size&quot;:1,&quot;sizes&quot;:[]},&quot;motion_fx_devices&quot;:[&quot;desktop&quot;,&quot;tablet&quot;,&quot;mobile&quot;]}\" data-widget_type=\"image.default\">\n\t\t\t\t<div class=\"elementor-widget-container\">\n\t\t\t\t\t\t\t\t\t\t\t\t\t\t\t<img decoding=\"async\" width=\"1440\" height=\"1709\" src=\"https:\/\/www.nacxwan.com\/wp-content\/uploads\/2025\/09\/FENETRE-NETWORK.svg\" class=\"attachment-full size-full wp-image-1823\" alt=\"\" \/>\t\t\t\t\t\t\t\t\t\t\t\t\t\t\t<\/div>\n\t\t\t\t<\/div>\n\t\t\t\t<div class=\"elementor-element elementor-element-e1c013f elementor-widget__width-inherit elementor-widget elementor-widget-image\" data-id=\"e1c013f\" data-element_type=\"widget\" data-e-type=\"widget\" data-settings=\"{&quot;motion_fx_motion_fx_scrolling&quot;:&quot;yes&quot;,&quot;motion_fx_translateX_effect&quot;:&quot;yes&quot;,&quot;motion_fx_translateX_direction&quot;:&quot;negative&quot;,&quot;motion_fx_translateX_affectedRange&quot;:{&quot;unit&quot;:&quot;%&quot;,&quot;size&quot;:&quot;&quot;,&quot;sizes&quot;:{&quot;start&quot;:0,&quot;end&quot;:50}},&quot;motion_fx_rotateZ_effect&quot;:&quot;yes&quot;,&quot;motion_fx_rotateZ_direction&quot;:&quot;negative&quot;,&quot;motion_fx_rotateZ_affectedRange&quot;:{&quot;unit&quot;:&quot;%&quot;,&quot;size&quot;:&quot;&quot;,&quot;sizes&quot;:{&quot;start&quot;:0,&quot;end&quot;:50}},&quot;motion_fx_range&quot;:&quot;page&quot;,&quot;motion_fx_translateX_speed&quot;:{&quot;unit&quot;:&quot;px&quot;,&quot;size&quot;:4,&quot;sizes&quot;:[]},&quot;motion_fx_rotateZ_speed&quot;:{&quot;unit&quot;:&quot;px&quot;,&quot;size&quot;:1,&quot;sizes&quot;:[]},&quot;motion_fx_devices&quot;:[&quot;desktop&quot;,&quot;tablet&quot;,&quot;mobile&quot;]}\" data-widget_type=\"image.default\">\n\t\t\t\t<div class=\"elementor-widget-container\">\n\t\t\t\t\t\t\t\t\t\t\t\t\t\t\t<img loading=\"lazy\" decoding=\"async\" width=\"1440\" height=\"1709\" src=\"https:\/\/www.nacxwan.com\/wp-content\/uploads\/2025\/09\/FENETRE-TELEWORK.svg\" class=\"attachment-full size-full wp-image-1827\" alt=\"\" \/>\t\t\t\t\t\t\t\t\t\t\t\t\t\t\t<\/div>\n\t\t\t\t<\/div>\n\t\t\t\t\t<\/div>\n\t\t\t\t<\/div>\n\t\t\t\t<\/div>\n\t\t","protected":false},"excerpt":{"rendered":"<p>Gagnez en s\u00e9curit\u00e9 et en agilit\u00e9 Acc\u00e9l\u00e9rez votre d\u00e9veloppement et simplifiez l&rsquo;acc\u00e8s aux ressources de votre entreprise Une approche moderne Il s&rsquo;agit d&rsquo;une approche moderne qui combine le r\u00e9seau et la s\u00e9curit\u00e9 au lieu de les ajouter \u00e0 d&rsquo;anciens syst\u00e8mes. La solution NACXWAN am\u00e9liore les d\u00e9cisions de routage bas\u00e9es sur la qualit\u00e9 et l&rsquo;automatisation pour [&hellip;]<\/p>\n","protected":false},"author":2,"featured_media":0,"parent":0,"menu_order":0,"comment_status":"closed","ping_status":"closed","template":"","meta":{"footnotes":""},"class_list":["post-3429","page","type-page","status-publish","hentry"],"_links":{"self":[{"href":"https:\/\/www.nacxwan.com\/fr\/wp-json\/wp\/v2\/pages\/3429","targetHints":{"allow":["GET"]}}],"collection":[{"href":"https:\/\/www.nacxwan.com\/fr\/wp-json\/wp\/v2\/pages"}],"about":[{"href":"https:\/\/www.nacxwan.com\/fr\/wp-json\/wp\/v2\/types\/page"}],"author":[{"embeddable":true,"href":"https:\/\/www.nacxwan.com\/fr\/wp-json\/wp\/v2\/users\/2"}],"replies":[{"embeddable":true,"href":"https:\/\/www.nacxwan.com\/fr\/wp-json\/wp\/v2\/comments?post=3429"}],"version-history":[{"count":1,"href":"https:\/\/www.nacxwan.com\/fr\/wp-json\/wp\/v2\/pages\/3429\/revisions"}],"predecessor-version":[{"id":3430,"href":"https:\/\/www.nacxwan.com\/fr\/wp-json\/wp\/v2\/pages\/3429\/revisions\/3430"}],"wp:attachment":[{"href":"https:\/\/www.nacxwan.com\/fr\/wp-json\/wp\/v2\/media?parent=3429"}],"curies":[{"name":"wp","href":"https:\/\/api.w.org\/{rel}","templated":true}]}}