{"id":3398,"date":"2025-10-31T08:43:15","date_gmt":"2025-10-31T07:43:15","guid":{"rendered":"https:\/\/www.nacxwan.site\/?page_id=3398"},"modified":"2025-12-08T16:34:58","modified_gmt":"2025-12-08T15:34:58","slug":"programme-de-partenariat","status":"publish","type":"page","link":"https:\/\/www.nacxwan.com\/fr\/programme-de-partenariat\/","title":{"rendered":"Programme Partenaires"},"content":{"rendered":"<style>.elementor-3398 .elementor-element.elementor-element-0734071{--display:flex;--flex-direction:column;--container-widget-width:100%;--container-widget-height:initial;--container-widget-flex-grow:0;--container-widget-align-self:initial;--flex-wrap-mobile:wrap;}.elementor-3398 .elementor-element.elementor-element-ad9873c{--display:flex;--margin-top:200px;--margin-bottom:200px;--margin-left:0px;--margin-right:0px;}.elementor-3398 .elementor-element.elementor-element-5c0819a{--display:flex;--flex-direction:column;--container-widget-width:100%;--container-widget-height:initial;--container-widget-flex-grow:0;--container-widget-align-self:initial;--flex-wrap-mobile:wrap;}.elementor-3398 .elementor-element.elementor-element-5c0819a:not(.elementor-motion-effects-element-type-background), .elementor-3398 .elementor-element.elementor-element-5c0819a > .elementor-motion-effects-container > .elementor-motion-effects-layer{background-color:var( --e-global-color-primary );}.elementor-3398 .elementor-element.elementor-element-407bc00{--display:flex;--margin-top:100px;--margin-bottom:100px;--margin-left:0px;--margin-right:0px;}.elementor-3398 .elementor-element.elementor-element-bb6b692 > .elementor-widget-container{margin:0px 0px 20px 0px;}.elementor-3398 .elementor-element.elementor-element-15e6c4a{--display:flex;--flex-direction:column;--container-widget-width:100%;--container-widget-height:initial;--container-widget-flex-grow:0;--container-widget-align-self:initial;--flex-wrap-mobile:wrap;}.elementor-3398 .elementor-element.elementor-element-15e6c4a:not(.elementor-motion-effects-element-type-background), .elementor-3398 .elementor-element.elementor-element-15e6c4a > .elementor-motion-effects-container > .elementor-motion-effects-layer{background-color:var( --e-global-color-primary );background-image:url(\"https:\/\/www.nacxwan.com\/wp-content\/uploads\/2024\/10\/wall-futuristic-new-building-copie.jpeg\");background-repeat:no-repeat;background-size:cover;}.elementor-3398 .elementor-element.elementor-element-a34812a{--display:flex;--margin-top:100px;--margin-bottom:100px;--margin-left:0px;--margin-right:0px;}.elementor-3398 .elementor-element.elementor-element-f3dc462 > .elementor-widget-container{margin:0px 0px 20px 0px;}.elementor-3398 .elementor-element.elementor-element-1ab4674{--display:flex;--flex-direction:column;--container-widget-width:100%;--container-widget-height:initial;--container-widget-flex-grow:0;--container-widget-align-self:initial;--flex-wrap-mobile:wrap;}.elementor-3398 .elementor-element.elementor-element-1ab4674:not(.elementor-motion-effects-element-type-background), .elementor-3398 .elementor-element.elementor-element-1ab4674 > .elementor-motion-effects-container > .elementor-motion-effects-layer{background-color:#0D0D0D;background-image:url(\"https:\/\/www.nacxwan.com\/wp-content\/uploads\/2025\/01\/nacxwan-bkgd-bottom.svg\");background-position:center center;background-repeat:no-repeat;background-size:cover;}.elementor-3398 .elementor-element.elementor-element-e1e0ff3{--display:flex;--margin-top:100px;--margin-bottom:100px;--margin-left:0px;--margin-right:0px;}.elementor-3398 .elementor-element.elementor-element-679f217 > .elementor-widget-container{margin:0px 0px 20px 0px;}.elementor-3398 .elementor-element.elementor-element-d2230ba{--display:flex;--flex-direction:row;--container-widget-width:initial;--container-widget-height:100%;--container-widget-flex-grow:1;--container-widget-align-self:stretch;--flex-wrap-mobile:wrap;--justify-content:space-around;--gap:10px 10px;--row-gap:10px;--column-gap:10px;}.elementor-3398 .elementor-element.elementor-element-637712a{--display:flex;}.elementor-3398 .elementor-element.elementor-element-4bee724 > .elementor-widget-container{margin:20px 0px 0px 0px;}.elementor-3398 .elementor-element.elementor-element-3fe9b2b{--display:flex;}:root{--page-title-display:none;}@media(min-width:768px){.elementor-3398 .elementor-element.elementor-element-637712a{--width:50%;}.elementor-3398 .elementor-element.elementor-element-3fe9b2b{--width:50%;}}@media(min-width:1025px){.elementor-3398 .elementor-element.elementor-element-15e6c4a:not(.elementor-motion-effects-element-type-background), .elementor-3398 .elementor-element.elementor-element-15e6c4a > .elementor-motion-effects-container > .elementor-motion-effects-layer{background-attachment:fixed;}}<\/style>\t\t<div data-elementor-type=\"wp-page\" data-elementor-id=\"3398\" class=\"elementor elementor-3398 elementor-3396\" data-elementor-post-type=\"page\">\n\t\t\t\t<div class=\"elementor-element elementor-element-0734071 e-flex e-con-boxed e-con e-parent\" data-id=\"0734071\" data-element_type=\"container\" data-e-type=\"container\">\n\t\t\t\t\t<div class=\"e-con-inner\">\n\t\t<div class=\"elementor-element elementor-element-ad9873c e-con-full e-flex e-con e-child\" data-id=\"ad9873c\" data-element_type=\"container\" data-e-type=\"container\">\n\t\t\t\t<div class=\"elementor-element elementor-element-64524c9 elementor-widget elementor-widget-text-editor\" data-id=\"64524c9\" data-element_type=\"widget\" data-e-type=\"widget\" data-widget_type=\"text-editor.default\">\n\t\t\t\t<div class=\"elementor-widget-container\">\n\t\t\t\t\t\t\t\t\t<h1 class=\"elementor-heading-title elementor-size-default elementor-inline-editing pen\" contenteditable=\"true\" data-elementor-setting-key=\"title\" data-pen-placeholder=\"Type Here...\">Rejoignez le Programme Partenaires Nacxwan<\/h1><p><strong><br>Int\u00e9grez un \u00e9cosyst\u00e8me d\u2019innovation et de confiance<\/strong><\/p><p>D\u00e9veloppez vos revenus r\u00e9currents.<br>Renforcez et \u00e9largissez votre expertise r\u00e9seau.<br>Chez Nacxwan, nous concevons une technologie de connectivit\u00e9 unique, pens\u00e9e pour relever les d\u00e9fis actuels des infrastructures : performance, s\u00e9curit\u00e9 et simplicit\u00e9 d\u2019int\u00e9gration.<br>Nous croyons au pouvoir de la collaboration &#8211; notre r\u00e9ussite d\u00e9pend directement de celle de nos partenaires revendeurs.<br>En rejoignant le r\u00e9seau Nacxwan, vous acc\u00e9dez \u00e0 une technologie diff\u00e9renciante, \u00e0 un accompagnement technique et commercial de proximit\u00e9, ainsi qu\u2019\u00e0 une relation durable fond\u00e9e sur la confiance.<\/p>\t\t\t\t\t\t\t\t<\/div>\n\t\t\t\t<\/div>\n\t\t\t\t<\/div>\n\t\t\t\t\t<\/div>\n\t\t\t\t<\/div>\n\t\t<div class=\"elementor-element elementor-element-5c0819a e-flex e-con-boxed e-con e-parent\" data-id=\"5c0819a\" data-element_type=\"container\" data-e-type=\"container\" data-settings=\"{&quot;background_background&quot;:&quot;classic&quot;}\">\n\t\t\t\t\t<div class=\"e-con-inner\">\n\t\t<div class=\"elementor-element elementor-element-407bc00 e-con-full e-flex elementor-invisible e-con e-child\" data-id=\"407bc00\" data-element_type=\"container\" data-e-type=\"container\" data-settings=\"{&quot;animation&quot;:&quot;fadeIn&quot;,&quot;animation_delay&quot;:500}\">\n\t\t\t\t<div class=\"elementor-element elementor-element-bb6b692 elementor-widget elementor-widget-heading\" data-id=\"bb6b692\" data-element_type=\"widget\" data-e-type=\"widget\" data-widget_type=\"heading.default\">\n\t\t\t\t<div class=\"elementor-widget-container\">\n\t\t\t\t\t<h2 class=\"elementor-heading-title elementor-size-default\">Une technologie \u00e0 forte valeur ajout\u00e9e, pens\u00e9e pour la rentabilit\u00e9<\/h2>\t\t\t\t<\/div>\n\t\t\t\t<\/div>\n\t\t\t\t<div class=\"elementor-element elementor-element-555915f elementor-widget elementor-widget-text-editor\" data-id=\"555915f\" data-element_type=\"widget\" data-e-type=\"widget\" data-widget_type=\"text-editor.default\">\n\t\t\t\t<div class=\"elementor-widget-container\">\n\t\t\t\t\t\t\t\t\t<p>La solution NacXwan associe innovation logicielle et expertise r\u00e9seau pour offrir une connectivit\u00e9 intelligente, s\u00e9curis\u00e9e et r\u00e9siliente.<br>Nos partenaires b\u00e9n\u00e9ficient d\u2019un avantage concurrentiel durable sur un march\u00e9 en constante \u00e9volution<\/p><ul><li>S\u00e9curit\u00e9 int\u00e9gr\u00e9e et conformit\u00e9 aux standards les plus exigeants<\/li><li>D\u00e9ploiement rapide et maintenance simplifi\u00e9e<\/li><li>Performance optimale sur les infrastructures hybrides ou dispers\u00e9es<\/li><li>Architecture \u00e9volutive et mod\u00e8le \u00e9conomique flexible, parfaitement adapt\u00e9 \u00e0 la croissance des clients<\/li><\/ul>\t\t\t\t\t\t\t\t<\/div>\n\t\t\t\t<\/div>\n\t\t\t\t<\/div>\n\t\t\t\t\t<\/div>\n\t\t\t\t<\/div>\n\t\t<div class=\"elementor-element elementor-element-15e6c4a e-flex e-con-boxed e-con e-parent\" data-id=\"15e6c4a\" data-element_type=\"container\" data-e-type=\"container\" data-settings=\"{&quot;background_background&quot;:&quot;classic&quot;}\">\n\t\t\t\t\t<div class=\"e-con-inner\">\n\t\t<div class=\"elementor-element elementor-element-a34812a e-con-full e-flex elementor-invisible e-con e-child\" data-id=\"a34812a\" data-element_type=\"container\" data-e-type=\"container\" data-settings=\"{&quot;animation&quot;:&quot;fadeIn&quot;,&quot;animation_delay&quot;:500}\">\n\t\t\t\t<div class=\"elementor-element elementor-element-f3dc462 elementor-widget elementor-widget-heading\" data-id=\"f3dc462\" data-element_type=\"widget\" data-e-type=\"widget\" data-widget_type=\"heading.default\">\n\t\t\t\t<div class=\"elementor-widget-container\">\n\t\t\t\t\t<h2 class=\"elementor-heading-title elementor-size-default\"><span style=\"color: #abff3c\">Un partenariat durable et rentable<\/span><\/h2>\t\t\t\t<\/div>\n\t\t\t\t<\/div>\n\t\t\t\t<div class=\"elementor-element elementor-element-4da08b6 elementor-widget elementor-widget-text-editor\" data-id=\"4da08b6\" data-element_type=\"widget\" data-e-type=\"widget\" data-widget_type=\"text-editor.default\">\n\t\t\t\t<div class=\"elementor-widget-container\">\n\t\t\t\t\t\t\t\t\t<p>Chez Nacxwan, nous construisons des relations solides et p\u00e9rennes avec nos partenaires.<br><\/p><ul><li>Une technologie \u00e9volutive : une fois d\u00e9ploy\u00e9e, la solution nacXwan \u00e9volue en continu \u2014 nouvelles fonctionnalit\u00e9s, am\u00e9lioration des performances, adaptation aux besoins r\u00e9seau changeants de vos clients.<\/li><li>Des revenus r\u00e9currents : vous percevez une part des abonnements mensuels de vos clients, proportionnelle \u00e0 votre niveau d\u2019engagement et au nombre de clients que vous accompagnez.<br>Ce mod\u00e8le garantit une source de revenus stable tout en renfor\u00e7ant la fid\u00e9lit\u00e9 gr\u00e2ce \u00e0 une solution con\u00e7ue pour durer.<\/li><\/ul>\t\t\t\t\t\t\t\t<\/div>\n\t\t\t\t<\/div>\n\t\t\t\t<\/div>\n\t\t\t\t\t<\/div>\n\t\t\t\t<\/div>\n\t\t<div class=\"elementor-element elementor-element-1ab4674 e-flex e-con-boxed e-con e-parent\" data-id=\"1ab4674\" data-element_type=\"container\" data-e-type=\"container\" data-settings=\"{&quot;background_background&quot;:&quot;classic&quot;}\">\n\t\t\t\t\t<div class=\"e-con-inner\">\n\t\t<div class=\"elementor-element elementor-element-e1e0ff3 e-con-full e-flex elementor-invisible e-con e-child\" data-id=\"e1e0ff3\" data-element_type=\"container\" data-e-type=\"container\" data-settings=\"{&quot;animation&quot;:&quot;fadeIn&quot;,&quot;animation_delay&quot;:500}\">\n\t\t\t\t<div class=\"elementor-element elementor-element-679f217 elementor-widget elementor-widget-heading\" data-id=\"679f217\" data-element_type=\"widget\" data-e-type=\"widget\" data-widget_type=\"heading.default\">\n\t\t\t\t<div class=\"elementor-widget-container\">\n\t\t\t\t\t<h2 class=\"elementor-heading-title elementor-size-default\">Construisons ensemble le r\u00e9seau de demain<\/h2>\t\t\t\t<\/div>\n\t\t\t\t<\/div>\n\t\t\t\t<div class=\"elementor-element elementor-element-1dbaae5 elementor-widget elementor-widget-text-editor\" data-id=\"1dbaae5\" data-element_type=\"widget\" data-e-type=\"widget\" data-widget_type=\"text-editor.default\">\n\t\t\t\t<div class=\"elementor-widget-container\">\n\t\t\t\t\t\t\t\t\t<p>Vous \u00eates int\u00e9grateur, distributeur ou fournisseur de solutions IT ?<br>Rejoignez le Programme Partenaires Nacxwan et contribuez au d\u00e9veloppement d\u2019une technologie r\u00e9seau innovante, d\u00e9velopp\u00e9e et h\u00e9berg\u00e9e en Suisse, pens\u00e9e aussi bien pour les PME que pour les grandes entreprises multi-sites.<br>Contactez-nous d\u00e8s aujourd\u2019hui pour en savoir plus sur les opportunit\u00e9s de partenariat et sur la mani\u00e8re dont nous pouvons \u00e9voluer ensemble.<\/p>\t\t\t\t\t\t\t\t<\/div>\n\t\t\t\t<\/div>\n\t\t<div class=\"elementor-element elementor-element-d2230ba e-con-full e-flex e-con e-child\" data-id=\"d2230ba\" data-element_type=\"container\" data-e-type=\"container\">\n\t\t<div class=\"elementor-element elementor-element-637712a e-con-full e-flex e-con e-child\" data-id=\"637712a\" data-element_type=\"container\" data-e-type=\"container\">\n\t\t\t\t<div class=\"elementor-element elementor-element-e6bd636 elementor-align-center elementor-widget elementor-widget-button\" data-id=\"e6bd636\" data-element_type=\"widget\" data-e-type=\"widget\" data-widget_type=\"button.default\">\n\t\t\t\t<div class=\"elementor-widget-container\">\n\t\t\t\t\t\t\t\t\t<div class=\"elementor-button-wrapper\">\n\t\t\t\t\t<a class=\"elementor-button elementor-button-link elementor-size-sm\" href=\"#\" id=\"trigger-program\">\n\t\t\t\t\t\t<span class=\"elementor-button-content-wrapper\">\n\t\t\t\t\t\t\t\t\t<span class=\"elementor-button-text\">Rejoignez le programme de partenariat  <\/span>\n\t\t\t\t\t<\/span>\n\t\t\t\t\t<\/a>\n\t\t\t\t<\/div>\n\t\t\t\t\t\t\t\t<\/div>\n\t\t\t\t<\/div>\n\t\t\t\t<div class=\"elementor-element elementor-element-4bee724 elementor-widget elementor-widget-text-editor\" data-id=\"4bee724\" data-element_type=\"widget\" data-e-type=\"widget\" id=\"partner-form\" data-widget_type=\"text-editor.default\">\n\t\t\t\t<div class=\"elementor-widget-container\">\n\t\t\t\t\t\t\t\t\t\n<div class=\"wpcf7 no-js\" id=\"wpcf7-f3517-o1\" lang=\"fr-FR\" dir=\"ltr\" data-wpcf7-id=\"3517\">\n<div class=\"screen-reader-response\"><p role=\"status\" aria-live=\"polite\" aria-atomic=\"true\"><\/p> <ul><\/ul><\/div>\n<form action=\"\/fr\/wp-json\/wp\/v2\/pages\/3398#wpcf7-f3517-o1\" method=\"post\" class=\"wpcf7-form init\" aria-label=\"Formulaire de contact\" novalidate=\"novalidate\" data-status=\"init\">\n<fieldset class=\"hidden-fields-container\"><input type=\"hidden\" name=\"_wpcf7\" value=\"3517\" \/><input type=\"hidden\" name=\"_wpcf7_version\" value=\"6.1.5\" \/><input type=\"hidden\" name=\"_wpcf7_locale\" value=\"fr_FR\" \/><input type=\"hidden\" name=\"_wpcf7_unit_tag\" value=\"wpcf7-f3517-o1\" \/><input type=\"hidden\" name=\"_wpcf7_container_post\" value=\"0\" \/><input type=\"hidden\" name=\"_wpcf7_posted_data_hash\" value=\"\" \/><input type=\"hidden\" name=\"_uacf7_hidden_conditional_fields\" value=\"\" \/>\n<\/fieldset>\n<div class=\"uacf7-form-wrapper-container uacf7-form-3517  \"><label>  Entreprise*\n    <span class=\"wpcf7-form-control-wrap\" data-name=\"company\"><input size=\"40\" maxlength=\"400\" class=\"wpcf7-form-control wpcf7-text wpcf7-validates-as-required\" autocomplete=\"company\" aria-required=\"true\" aria-invalid=\"false\" value=\"\" type=\"text\" name=\"company\" \/><\/span> <\/label>\n\n<div class=\"uacf7-row\"><div class=\"uacf7-col-6\">\n<label>  Nom de famille*\n    <span class=\"wpcf7-form-control-wrap\" data-name=\"last-name\"><input size=\"40\" maxlength=\"400\" class=\"wpcf7-form-control wpcf7-text wpcf7-validates-as-required\" autocomplete=\"last-name\" aria-required=\"true\" aria-invalid=\"false\" value=\"\" type=\"text\" name=\"last-name\" \/><\/span> <\/label>\n<\/div><div class=\"uacf7-col-6\">\n<label>  Pr\u00e9nom*\n    <span class=\"wpcf7-form-control-wrap\" data-name=\"first-name\"><input size=\"40\" maxlength=\"400\" class=\"wpcf7-form-control wpcf7-text wpcf7-validates-as-required\" autocomplete=\"first-name\" aria-required=\"true\" aria-invalid=\"false\" value=\"\" type=\"text\" name=\"first-name\" \/><\/span> <\/label>\n<\/div><\/div>\n\n<label>  Position*\n    <span class=\"wpcf7-form-control-wrap\" data-name=\"position\"><input size=\"40\" maxlength=\"400\" class=\"wpcf7-form-control wpcf7-text wpcf7-validates-as-required\" autocomplete=\"position\" aria-required=\"true\" aria-invalid=\"false\" value=\"\" type=\"text\" name=\"position\" \/><\/span> <\/label>\n\n<label>  Courriel*\n    <span class=\"wpcf7-form-control-wrap\" data-name=\"email\"><input size=\"40\" maxlength=\"400\" class=\"wpcf7-form-control wpcf7-email wpcf7-validates-as-required wpcf7-text wpcf7-validates-as-email\" autocomplete=\"email\" aria-required=\"true\" aria-invalid=\"false\" value=\"\" type=\"email\" name=\"email\" \/><\/span> <\/label>\n\n\n<label>  Adresse*\n    <span class=\"wpcf7-form-control-wrap\" data-name=\"address\"><textarea cols=\"40\" rows=\"10\" maxlength=\"2000\" class=\"wpcf7-form-control wpcf7-textarea wpcf7-validates-as-required\" aria-required=\"true\" aria-invalid=\"false\" name=\"address\"><\/textarea><\/span> <\/label>\n\n<label>  Pays*\n\n\t\t\n\t\t\t<span id=\"uacf7_country_select\" class=\"wpcf7-form-control-wrap  country\">\n\n\t\t\t\t<input id=\"uacf7_countries_country\" type=\"text\" class=\"wpcf7-form-control wpcf7-uacf7_country_dropdown uacf7_country_dropdown_with_flag\" aria-invalid=\"false\" name=\"country\">\n\n\t\t\t\t<span> <\/span>\n\n\t\t\t\t<div style=\"display:none;\">\n\t\t\t\t\t<input type=\"hidden\" id=\"uacf7_countries_country_code\" data-countrycodeinput=\"1\"\n\t\t\t\t\t\treadonly=\"readonly\" placeholder=\"Selected country code will appear here\" \/>\n\t\t\t\t<\/div>\n\n\t\t\t<\/span>\n\t\t<\/label>\n\n<p class=\"block\">Quel type d&rsquo;architecture visez-vous ?\n<span class=\"wpcf7-form-control-wrap\" data-name=\"architecture\"><span class=\"wpcf7-form-control wpcf7-checkbox\"><span class=\"wpcf7-list-item first\"><label><input type=\"checkbox\" name=\"architecture[]\" value=\"Version physique + logiciel Nacxwan Lanner ou Axiomtek\" \/><span class=\"wpcf7-list-item-label\">Version physique + logiciel Nacxwan Lanner ou Axiomtek<\/span><\/label><\/span><span class=\"wpcf7-list-item last\"><label><input type=\"checkbox\" name=\"architecture[]\" value=\"Version virtuelle avec plateforme cloud AWS, Azure ou VMWARE\" \/><span class=\"wpcf7-list-item-label\">Version virtuelle avec plateforme cloud AWS, Azure ou VMWARE<\/span><\/label><\/span><\/span><\/span><\/p>\n\n<span id=\"wpcf7-69fe05ef4c673-wrapper\" class=\"wpcf7-form-control-wrap email-address-395-wrap\" style=\"display:none !important; visibility:hidden !important;\"><input type=\"hidden\" name=\"email-address-395-time-start\" value=\"1778255343\"><input type=\"hidden\" name=\"email-address-395-time-check\" value=\"4\"><label for=\"wpcf7-69fe05ef4c673-field\" class=\"hp-message\">Veuillez laisser ce champ vide.<\/label><input id=\"wpcf7-69fe05ef4c673-field\"  class=\"wpcf7-form-control wpcf7-text\" type=\"text\" name=\"email-address-395\" value=\"\" size=\"40\" tabindex=\"-1\" autocomplete=\"new-password\" \/><\/span>\n<input class=\"wpcf7-form-control wpcf7-submit has-spinner\" type=\"submit\" value=\"Soumettre\" \/><\/div><div class=\"wpcf7-response-output\" aria-hidden=\"true\"><\/div>\n<\/form>\n<\/div>\n\t\t\t\t\t\t\t\t<\/div>\n\t\t\t\t<\/div>\n\t\t\t\t<div class=\"elementor-element elementor-element-6a2b87d elementor-widget elementor-widget-html\" data-id=\"6a2b87d\" data-element_type=\"widget\" data-e-type=\"widget\" data-widget_type=\"html.default\">\n\t\t\t\t<div class=\"elementor-widget-container\">\n\t\t\t\t\t<style>\n#partner-form {\n  height: 0;\n  opacity: 0;\n  overflow: hidden;\n  transition: height 0.6s ease-in-out, opacity 0.5s ease-in-out;\n  will-change: height, opacity;\n}\n#partner-form.is-open {\n  opacity: 1;\n  overflow: visible;\n}\n<\/style>\n\n<script>\njQuery(document).ready(function($) {\n  const $form = $('#partner-form');\n\n  $('#trigger-program').on('click', function(e) {\n    e.preventDefault();\n\n    if ($form.hasClass('is-open')) {\n      \/\/ \ud83d\udd39 FERMETURE\n      const fullHeight = $form.prop('scrollHeight') + 10; \/\/ +10px\n      $form.css('height', fullHeight + 'px'); \/\/ fixe la hauteur actuelle\n      setTimeout(() =&gt; {\n        $form.css({\n          height: '0',\n          opacity: '0'\n        });\n      }, 20);\n      $form.removeClass('is-open');\n    } else {\n      \/\/ \ud83d\udd39 OUVERTURE\n      const fullHeight = $form.prop('scrollHeight') + 10; \/\/ +10px\n      $form.css({\n        height: fullHeight + 'px',\n        opacity: '1'\n      });\n      $form.addClass('is-open');\n    }\n  });\n\n  \/\/ \ud83d\udd38 Ajuste la hauteur en cas de redimensionnement de fen\u00eatre\n  $(window).on('resize', function() {\n    if ($form.hasClass('is-open')) {\n      const fullHeight = $form.prop('scrollHeight') + 10;\n      $form.css('height', fullHeight + 'px');\n    }\n  });\n});\n<\/script>\t\t\t\t<\/div>\n\t\t\t\t<\/div>\n\t\t\t\t<\/div>\n\t\t<div class=\"elementor-element elementor-element-3fe9b2b e-con-full elementor-hidden-desktop elementor-hidden-tablet elementor-hidden-mobile e-flex e-con e-child\" data-id=\"3fe9b2b\" data-element_type=\"container\" data-e-type=\"container\">\n\t\t\t\t<div class=\"elementor-element elementor-element-e468b55 elementor-align-center elementor-widget elementor-widget-button\" data-id=\"e468b55\" data-element_type=\"widget\" data-e-type=\"widget\" data-widget_type=\"button.default\">\n\t\t\t\t<div class=\"elementor-widget-container\">\n\t\t\t\t\t\t\t\t\t<div class=\"elementor-button-wrapper\">\n\t\t\t\t\t<a class=\"elementor-button elementor-button-link elementor-size-sm\" href=\"#\">\n\t\t\t\t\t\t<span class=\"elementor-button-content-wrapper\">\n\t\t\t\t\t\t\t\t\t<span class=\"elementor-button-text\">Connexion<\/span>\n\t\t\t\t\t<\/span>\n\t\t\t\t\t<\/a>\n\t\t\t\t<\/div>\n\t\t\t\t\t\t\t\t<\/div>\n\t\t\t\t<\/div>\n\t\t\t\t<\/div>\n\t\t\t\t<\/div>\n\t\t\t\t<\/div>\n\t\t\t\t\t<\/div>\n\t\t\t\t<\/div>\n\t\t\t\t<\/div>\n\t\t","protected":false},"excerpt":{"rendered":"<p>Rejoignez le Programme Partenaires Nacxwan Int\u00e9grez un \u00e9cosyst\u00e8me d\u2019innovation et de confiance D\u00e9veloppez vos revenus r\u00e9currents.Renforcez et \u00e9largissez votre expertise r\u00e9seau.Chez Nacxwan, nous concevons une technologie de connectivit\u00e9 unique, pens\u00e9e pour relever les d\u00e9fis actuels des infrastructures : performance, s\u00e9curit\u00e9 et simplicit\u00e9 d\u2019int\u00e9gration.Nous croyons au pouvoir de la collaboration &#8211; notre r\u00e9ussite d\u00e9pend directement de [&hellip;]<\/p>\n","protected":false},"author":2,"featured_media":0,"parent":0,"menu_order":0,"comment_status":"closed","ping_status":"closed","template":"","meta":{"footnotes":""},"class_list":["post-3398","page","type-page","status-publish","hentry"],"_links":{"self":[{"href":"https:\/\/www.nacxwan.com\/fr\/wp-json\/wp\/v2\/pages\/3398","targetHints":{"allow":["GET"]}}],"collection":[{"href":"https:\/\/www.nacxwan.com\/fr\/wp-json\/wp\/v2\/pages"}],"about":[{"href":"https:\/\/www.nacxwan.com\/fr\/wp-json\/wp\/v2\/types\/page"}],"author":[{"embeddable":true,"href":"https:\/\/www.nacxwan.com\/fr\/wp-json\/wp\/v2\/users\/2"}],"replies":[{"embeddable":true,"href":"https:\/\/www.nacxwan.com\/fr\/wp-json\/wp\/v2\/comments?post=3398"}],"version-history":[{"count":5,"href":"https:\/\/www.nacxwan.com\/fr\/wp-json\/wp\/v2\/pages\/3398\/revisions"}],"predecessor-version":[{"id":4018,"href":"https:\/\/www.nacxwan.com\/fr\/wp-json\/wp\/v2\/pages\/3398\/revisions\/4018"}],"wp:attachment":[{"href":"https:\/\/www.nacxwan.com\/fr\/wp-json\/wp\/v2\/media?parent=3398"}],"curies":[{"name":"wp","href":"https:\/\/api.w.org\/{rel}","templated":true}]}}