{"id":3397,"date":"2025-10-31T08:43:15","date_gmt":"2025-10-31T07:43:15","guid":{"rendered":"https:\/\/www.nacxwan.site\/?page_id=3397"},"modified":"2025-12-08T16:43:48","modified_gmt":"2025-12-08T15:43:48","slug":"programa-de-socios","status":"publish","type":"page","link":"https:\/\/www.nacxwan.com\/es\/programa-de-socios\/","title":{"rendered":"Programa de socios"},"content":{"rendered":"<style>.elementor-3397 .elementor-element.elementor-element-0734071{--display:flex;--flex-direction:column;--container-widget-width:100%;--container-widget-height:initial;--container-widget-flex-grow:0;--container-widget-align-self:initial;--flex-wrap-mobile:wrap;}.elementor-3397 .elementor-element.elementor-element-ad9873c{--display:flex;--margin-top:200px;--margin-bottom:200px;--margin-left:0px;--margin-right:0px;}.elementor-3397 .elementor-element.elementor-element-35a8637 > .elementor-widget-container{margin:0px 0px 20px 0px;}.elementor-3397 .elementor-element.elementor-element-5c0819a{--display:flex;--flex-direction:column;--container-widget-width:100%;--container-widget-height:initial;--container-widget-flex-grow:0;--container-widget-align-self:initial;--flex-wrap-mobile:wrap;}.elementor-3397 .elementor-element.elementor-element-5c0819a:not(.elementor-motion-effects-element-type-background), .elementor-3397 .elementor-element.elementor-element-5c0819a > .elementor-motion-effects-container > .elementor-motion-effects-layer{background-color:var( --e-global-color-primary );}.elementor-3397 .elementor-element.elementor-element-407bc00{--display:flex;--margin-top:100px;--margin-bottom:100px;--margin-left:0px;--margin-right:0px;}.elementor-3397 .elementor-element.elementor-element-bb6b692 > .elementor-widget-container{margin:0px 0px 20px 0px;}.elementor-3397 .elementor-element.elementor-element-15e6c4a{--display:flex;--flex-direction:column;--container-widget-width:100%;--container-widget-height:initial;--container-widget-flex-grow:0;--container-widget-align-self:initial;--flex-wrap-mobile:wrap;}.elementor-3397 .elementor-element.elementor-element-15e6c4a:not(.elementor-motion-effects-element-type-background), .elementor-3397 .elementor-element.elementor-element-15e6c4a > .elementor-motion-effects-container > .elementor-motion-effects-layer{background-color:var( --e-global-color-primary );background-image:url(\"https:\/\/www.nacxwan.com\/wp-content\/uploads\/2024\/10\/wall-futuristic-new-building-copie.jpeg\");background-repeat:no-repeat;background-size:cover;}.elementor-3397 .elementor-element.elementor-element-a34812a{--display:flex;--margin-top:100px;--margin-bottom:100px;--margin-left:0px;--margin-right:0px;}.elementor-3397 .elementor-element.elementor-element-b63fa2f > .elementor-widget-container{margin:0px 0px 20px 0px;}.elementor-3397 .elementor-element.elementor-element-1ab4674{--display:flex;--flex-direction:column;--container-widget-width:100%;--container-widget-height:initial;--container-widget-flex-grow:0;--container-widget-align-self:initial;--flex-wrap-mobile:wrap;}.elementor-3397 .elementor-element.elementor-element-1ab4674:not(.elementor-motion-effects-element-type-background), .elementor-3397 .elementor-element.elementor-element-1ab4674 > .elementor-motion-effects-container > .elementor-motion-effects-layer{background-color:#0D0D0D;background-image:url(\"https:\/\/www.nacxwan.com\/wp-content\/uploads\/2025\/01\/nacxwan-bkgd-bottom.svg\");background-position:center center;background-repeat:no-repeat;background-size:cover;}.elementor-3397 .elementor-element.elementor-element-e1e0ff3{--display:flex;--margin-top:100px;--margin-bottom:100px;--margin-left:0px;--margin-right:0px;}.elementor-3397 .elementor-element.elementor-element-679f217 > .elementor-widget-container{margin:0px 0px 20px 0px;}.elementor-3397 .elementor-element.elementor-element-d2230ba{--display:flex;--flex-direction:row;--container-widget-width:initial;--container-widget-height:100%;--container-widget-flex-grow:1;--container-widget-align-self:stretch;--flex-wrap-mobile:wrap;--justify-content:space-around;--gap:10px 10px;--row-gap:10px;--column-gap:10px;}.elementor-3397 .elementor-element.elementor-element-637712a{--display:flex;}.elementor-3397 .elementor-element.elementor-element-4bee724 > .elementor-widget-container{margin:20px 0px 0px 0px;}.elementor-3397 .elementor-element.elementor-element-3fe9b2b{--display:flex;}:root{--page-title-display:none;}@media(min-width:768px){.elementor-3397 .elementor-element.elementor-element-637712a{--width:50%;}.elementor-3397 .elementor-element.elementor-element-3fe9b2b{--width:50%;}}@media(min-width:1025px){.elementor-3397 .elementor-element.elementor-element-15e6c4a:not(.elementor-motion-effects-element-type-background), .elementor-3397 .elementor-element.elementor-element-15e6c4a > .elementor-motion-effects-container > .elementor-motion-effects-layer{background-attachment:fixed;}}<\/style>\t\t<div data-elementor-type=\"wp-page\" data-elementor-id=\"3397\" class=\"elementor elementor-3397 elementor-3396\" data-elementor-post-type=\"page\">\n\t\t\t\t<div class=\"elementor-element elementor-element-0734071 e-flex e-con-boxed e-con e-parent\" data-id=\"0734071\" data-element_type=\"container\" data-e-type=\"container\">\n\t\t\t\t\t<div class=\"e-con-inner\">\n\t\t<div class=\"elementor-element elementor-element-ad9873c e-con-full e-flex e-con e-child\" data-id=\"ad9873c\" data-element_type=\"container\" data-e-type=\"container\">\n\t\t\t\t<div class=\"elementor-element elementor-element-35a8637 elementor-widget elementor-widget-heading\" data-id=\"35a8637\" data-element_type=\"widget\" data-e-type=\"widget\" data-widget_type=\"heading.default\">\n\t\t\t\t<div class=\"elementor-widget-container\">\n\t\t\t\t\t<h1 class=\"elementor-heading-title elementor-size-default\">\u00danete al Programa de Socios de NacXwan<\/h1>\t\t\t\t<\/div>\n\t\t\t\t<\/div>\n\t\t\t\t<div class=\"elementor-element elementor-element-64524c9 elementor-widget elementor-widget-text-editor\" data-id=\"64524c9\" data-element_type=\"widget\" data-e-type=\"widget\" data-widget_type=\"text-editor.default\">\n\t\t\t\t<div class=\"elementor-widget-container\">\n\t\t\t\t\t\t\t\t\t<p><strong>\u00danete a un ecosistema de innovaci\u00f3n y confianza<\/strong><\/p><p>Aumenta tus ingresos recurrentes.<br>Ampl\u00eda y refuerza tu experiencia en redes.<br>En nacXwan, dise\u00f1amos una tecnolog\u00eda de conectividad \u00fanica, creada para responder a los retos actuales de las infraestructuras: rendimiento, seguridad y facilidad de integraci\u00f3n.<br>Creemos en el poder de la colaboraci\u00f3n: nuestro \u00e9xito depende del de nuestros socios distribuidores.<br>Al unirte a la red de nacXwan, tendr\u00e1s acceso a una tecnolog\u00eda distintiva, a un estrecho apoyo t\u00e9cnico y comercial, y a una relaci\u00f3n a largo plazo basada en la confianza.<\/p>\t\t\t\t\t\t\t\t<\/div>\n\t\t\t\t<\/div>\n\t\t\t\t<\/div>\n\t\t\t\t\t<\/div>\n\t\t\t\t<\/div>\n\t\t<div class=\"elementor-element elementor-element-5c0819a e-flex e-con-boxed e-con e-parent\" data-id=\"5c0819a\" data-element_type=\"container\" data-e-type=\"container\" data-settings=\"{&quot;background_background&quot;:&quot;classic&quot;}\">\n\t\t\t\t\t<div class=\"e-con-inner\">\n\t\t<div class=\"elementor-element elementor-element-407bc00 e-con-full e-flex elementor-invisible e-con e-child\" data-id=\"407bc00\" data-element_type=\"container\" data-e-type=\"container\" data-settings=\"{&quot;animation&quot;:&quot;fadeIn&quot;,&quot;animation_delay&quot;:500}\">\n\t\t\t\t<div class=\"elementor-element elementor-element-bb6b692 elementor-widget elementor-widget-heading\" data-id=\"bb6b692\" data-element_type=\"widget\" data-e-type=\"widget\" data-widget_type=\"heading.default\">\n\t\t\t\t<div class=\"elementor-widget-container\">\n\t\t\t\t\t<h2 class=\"elementor-heading-title elementor-size-default\">Una tecnolog\u00eda de alto valor y rentable<\/h2>\t\t\t\t<\/div>\n\t\t\t\t<\/div>\n\t\t\t\t<div class=\"elementor-element elementor-element-555915f elementor-widget elementor-widget-text-editor\" data-id=\"555915f\" data-element_type=\"widget\" data-e-type=\"widget\" data-widget_type=\"text-editor.default\">\n\t\t\t\t<div class=\"elementor-widget-container\">\n\t\t\t\t\t\t\t\t\t<p>La soluci\u00f3n NacXwan combina la innovaci\u00f3n en software y la experiencia en redes para ofrecer una conectividad inteligente, segura y resistente.<br>Nuestros socios disfrutan de una ventaja competitiva duradera en un mercado en r\u00e1pida evoluci\u00f3n:<\/p><ul><li>Seguridad integrada y cumplimiento de las normas m\u00e1s exigentes<\/li><li>Despliegue r\u00e1pido y mantenimiento simplificado<\/li><li>Rendimiento \u00f3ptimo en infraestructuras h\u00edbridas o distribuidas<\/li><li>Arquitectura escalable y modelo de negocio flexible, perfectamente alineados con el crecimiento de tus clientes<\/li><\/ul>\t\t\t\t\t\t\t\t<\/div>\n\t\t\t\t<\/div>\n\t\t\t\t<\/div>\n\t\t\t\t\t<\/div>\n\t\t\t\t<\/div>\n\t\t<div class=\"elementor-element elementor-element-15e6c4a e-flex e-con-boxed e-con e-parent\" data-id=\"15e6c4a\" data-element_type=\"container\" data-e-type=\"container\" data-settings=\"{&quot;background_background&quot;:&quot;classic&quot;}\">\n\t\t\t\t\t<div class=\"e-con-inner\">\n\t\t<div class=\"elementor-element elementor-element-a34812a e-con-full e-flex elementor-invisible e-con e-child\" data-id=\"a34812a\" data-element_type=\"container\" data-e-type=\"container\" data-settings=\"{&quot;animation&quot;:&quot;fadeIn&quot;,&quot;animation_delay&quot;:500}\">\n\t\t\t\t<div class=\"elementor-element elementor-element-b63fa2f elementor-widget elementor-widget-heading\" data-id=\"b63fa2f\" data-element_type=\"widget\" data-e-type=\"widget\" data-widget_type=\"heading.default\">\n\t\t\t\t<div class=\"elementor-widget-container\">\n\t\t\t\t\t<h2 class=\"elementor-heading-title elementor-size-default\">Una asociaci\u00f3n sostenible y rentable<\/h2>\t\t\t\t<\/div>\n\t\t\t\t<\/div>\n\t\t\t\t<div class=\"elementor-element elementor-element-4da08b6 elementor-widget elementor-widget-text-editor\" data-id=\"4da08b6\" data-element_type=\"widget\" data-e-type=\"widget\" data-widget_type=\"text-editor.default\">\n\t\t\t\t<div class=\"elementor-widget-container\">\n\t\t\t\t\t\t\t\t\t<p>En nacXwan, construimos relaciones s\u00f3lidas y duraderas con nuestros socios.<\/p><ul><li>Una tecnolog\u00eda preparada para el futuro: una vez implantada, la soluci\u00f3n nacXwan evoluciona continuamente, a\u00f1adiendo nuevas funciones, mejorando el rendimiento y adapt\u00e1ndose a las cambiantes necesidades de red de tus clientes.<\/li><li>Ingresos recurrentes: recibes una parte de las suscripciones mensuales de los clientes, proporcional a tu \u00e1mbito de compromiso y al n\u00famero de clientes a los que prestas asistencia.<br>Este modelo garantiza un flujo de ingresos estable, al tiempo que fideliza a los clientes mediante una soluci\u00f3n dise\u00f1ada para durar.<\/li><\/ul>\t\t\t\t\t\t\t\t<\/div>\n\t\t\t\t<\/div>\n\t\t\t\t<\/div>\n\t\t\t\t\t<\/div>\n\t\t\t\t<\/div>\n\t\t<div class=\"elementor-element elementor-element-1ab4674 e-flex e-con-boxed e-con e-parent\" data-id=\"1ab4674\" data-element_type=\"container\" data-e-type=\"container\" data-settings=\"{&quot;background_background&quot;:&quot;classic&quot;}\">\n\t\t\t\t\t<div class=\"e-con-inner\">\n\t\t<div class=\"elementor-element elementor-element-e1e0ff3 e-con-full e-flex elementor-invisible e-con e-child\" data-id=\"e1e0ff3\" data-element_type=\"container\" data-e-type=\"container\" data-settings=\"{&quot;animation&quot;:&quot;fadeIn&quot;,&quot;animation_delay&quot;:500}\">\n\t\t\t\t<div class=\"elementor-element elementor-element-679f217 elementor-widget elementor-widget-heading\" data-id=\"679f217\" data-element_type=\"widget\" data-e-type=\"widget\" data-widget_type=\"heading.default\">\n\t\t\t\t<div class=\"elementor-widget-container\">\n\t\t\t\t\t<h2 class=\"elementor-heading-title elementor-size-default\">Construyamos juntos la red del ma\u00f1ana<\/h2>\t\t\t\t<\/div>\n\t\t\t\t<\/div>\n\t\t\t\t<div class=\"elementor-element elementor-element-1dbaae5 elementor-widget elementor-widget-text-editor\" data-id=\"1dbaae5\" data-element_type=\"widget\" data-e-type=\"widget\" data-widget_type=\"text-editor.default\">\n\t\t\t\t<div class=\"elementor-widget-container\">\n\t\t\t\t\t\t\t\t\t<p>\u00bfEres integrador, distribuidor o proveedor de soluciones inform\u00e1ticas?<br>\u00danete al Programa de Socios de nacXwan y ayuda a expandir una tecnolog\u00eda de red innovadora, desarrollada y alojada en Suiza, dise\u00f1ada tanto para PYMES como para grandes empresas con m\u00faltiples sedes.Ponte en contacto con nosotros hoy mismo para obtener m\u00e1s informaci\u00f3n sobre nuestras oportunidades de asociaci\u00f3n y sobre c\u00f3mo podemos crecer juntos.<\/p>\t\t\t\t\t\t\t\t<\/div>\n\t\t\t\t<\/div>\n\t\t<div class=\"elementor-element elementor-element-d2230ba e-con-full e-flex e-con e-child\" data-id=\"d2230ba\" data-element_type=\"container\" data-e-type=\"container\">\n\t\t<div class=\"elementor-element elementor-element-637712a e-con-full e-flex e-con e-child\" data-id=\"637712a\" data-element_type=\"container\" data-e-type=\"container\">\n\t\t\t\t<div class=\"elementor-element elementor-element-e6bd636 elementor-align-center elementor-widget elementor-widget-button\" data-id=\"e6bd636\" data-element_type=\"widget\" data-e-type=\"widget\" data-widget_type=\"button.default\">\n\t\t\t\t<div class=\"elementor-widget-container\">\n\t\t\t\t\t\t\t\t\t<div class=\"elementor-button-wrapper\">\n\t\t\t\t\t<a class=\"elementor-button elementor-button-link elementor-size-sm\" href=\"#\" id=\"trigger-program\">\n\t\t\t\t\t\t<span class=\"elementor-button-content-wrapper\">\n\t\t\t\t\t\t\t\t\t<span class=\"elementor-button-text\">\u00danete al programa de socios  <\/span>\n\t\t\t\t\t<\/span>\n\t\t\t\t\t<\/a>\n\t\t\t\t<\/div>\n\t\t\t\t\t\t\t\t<\/div>\n\t\t\t\t<\/div>\n\t\t\t\t<div class=\"elementor-element elementor-element-4bee724 elementor-widget elementor-widget-text-editor\" data-id=\"4bee724\" data-element_type=\"widget\" data-e-type=\"widget\" id=\"partner-form\" data-widget_type=\"text-editor.default\">\n\t\t\t\t<div class=\"elementor-widget-container\">\n\t\t\t\t\t\t\t\t\t\n<div class=\"wpcf7 no-js\" id=\"wpcf7-f3520-o1\" lang=\"es-ES\" dir=\"ltr\" data-wpcf7-id=\"3520\">\n<div class=\"screen-reader-response\"><p role=\"status\" aria-live=\"polite\" aria-atomic=\"true\"><\/p> <ul><\/ul><\/div>\n<form action=\"\/es\/wp-json\/wp\/v2\/pages\/3397#wpcf7-f3520-o1\" method=\"post\" class=\"wpcf7-form init\" aria-label=\"Formulario de contacto\" novalidate=\"novalidate\" data-status=\"init\">\n<fieldset class=\"hidden-fields-container\"><input type=\"hidden\" name=\"_wpcf7\" value=\"3520\" \/><input type=\"hidden\" name=\"_wpcf7_version\" value=\"6.1.5\" \/><input type=\"hidden\" name=\"_wpcf7_locale\" value=\"es_ES\" \/><input type=\"hidden\" name=\"_wpcf7_unit_tag\" value=\"wpcf7-f3520-o1\" \/><input type=\"hidden\" name=\"_wpcf7_container_post\" value=\"0\" \/><input type=\"hidden\" name=\"_wpcf7_posted_data_hash\" value=\"\" \/><input type=\"hidden\" name=\"_uacf7_hidden_conditional_fields\" value=\"\" \/>\n<\/fieldset>\n<div class=\"uacf7-form-wrapper-container uacf7-form-3520  \"><label>  Empresa\n    <span class=\"wpcf7-form-control-wrap\" data-name=\"company\"><input size=\"40\" maxlength=\"400\" class=\"wpcf7-form-control wpcf7-text wpcf7-validates-as-required\" autocomplete=\"company\" aria-required=\"true\" aria-invalid=\"false\" value=\"\" type=\"text\" name=\"company\" \/><\/span> <\/label>\n\n<div class=\"uacf7-row\"><div class=\"uacf7-col-6\">\n<label>  Apellido*\n    <span class=\"wpcf7-form-control-wrap\" data-name=\"last-name\"><input size=\"40\" maxlength=\"400\" class=\"wpcf7-form-control wpcf7-text wpcf7-validates-as-required\" autocomplete=\"last-name\" aria-required=\"true\" aria-invalid=\"false\" value=\"\" type=\"text\" name=\"last-name\" \/><\/span> <\/label>\n<\/div><div class=\"uacf7-col-6\">\n<label>  Nombre\n    <span class=\"wpcf7-form-control-wrap\" data-name=\"first-name\"><input size=\"40\" maxlength=\"400\" class=\"wpcf7-form-control wpcf7-text wpcf7-validates-as-required\" autocomplete=\"first-name\" aria-required=\"true\" aria-invalid=\"false\" value=\"\" type=\"text\" name=\"first-name\" \/><\/span> <\/label>\n<\/div><\/div>\n\n<label>  Posici\u00f3n*.\n    <span class=\"wpcf7-form-control-wrap\" data-name=\"position\"><input size=\"40\" maxlength=\"400\" class=\"wpcf7-form-control wpcf7-text wpcf7-validates-as-required\" autocomplete=\"position\" aria-required=\"true\" aria-invalid=\"false\" value=\"\" type=\"text\" name=\"position\" \/><\/span> <\/label>\n\n<label>  Correo electr\u00f3nico\n    <span class=\"wpcf7-form-control-wrap\" data-name=\"email\"><input size=\"40\" maxlength=\"400\" class=\"wpcf7-form-control wpcf7-email wpcf7-validates-as-required wpcf7-text wpcf7-validates-as-email\" autocomplete=\"email\" aria-required=\"true\" aria-invalid=\"false\" value=\"\" type=\"email\" name=\"email\" \/><\/span> <\/label>\n\n\n<label>  Direcci\u00f3n*.\n    <span class=\"wpcf7-form-control-wrap\" data-name=\"address\"><textarea cols=\"40\" rows=\"10\" maxlength=\"2000\" class=\"wpcf7-form-control wpcf7-textarea wpcf7-validates-as-required\" aria-required=\"true\" aria-invalid=\"false\" name=\"address\"><\/textarea><\/span> <\/label>\n\n<label>  Pa\u00eds\n\n\t\t\n\t\t\t<span id=\"uacf7_country_select\" class=\"wpcf7-form-control-wrap  country\">\n\n\t\t\t\t<input id=\"uacf7_countries_country\" type=\"text\" class=\"wpcf7-form-control wpcf7-uacf7_country_dropdown uacf7_country_dropdown_with_flag\" aria-invalid=\"false\" name=\"country\">\n\n\t\t\t\t<span> <\/span>\n\n\t\t\t\t<div style=\"display:none;\">\n\t\t\t\t\t<input type=\"hidden\" id=\"uacf7_countries_country_code\" data-countrycodeinput=\"1\"\n\t\t\t\t\t\treadonly=\"readonly\" placeholder=\"Selected country code will appear here\" \/>\n\t\t\t\t<\/div>\n\n\t\t\t<\/span>\n\t\t<\/label>\n\n<p class=\"block\">\u00bfA qu\u00e9 tipo de arquitectura te diriges?\n<span class=\"wpcf7-form-control-wrap\" data-name=\"architecture\"><span class=\"wpcf7-form-control wpcf7-checkbox\"><span class=\"wpcf7-list-item first\"><label><input type=\"checkbox\" name=\"architecture[]\" value=\"Versi\u00f3n f\u00edsica + firmware Nacxwan Lanner o Axiomtek\" \/><span class=\"wpcf7-list-item-label\">Versi\u00f3n f\u00edsica + firmware Nacxwan Lanner o Axiomtek<\/span><\/label><\/span><span class=\"wpcf7-list-item last\"><label><input type=\"checkbox\" name=\"architecture[]\" value=\"Versi\u00f3n virtual con plataforma en la nube AWS, Azure o VMWARE\" \/><span class=\"wpcf7-list-item-label\">Versi\u00f3n virtual con plataforma en la nube AWS, Azure o VMWARE<\/span><\/label><\/span><\/span><\/span><\/p>\n\n<span id=\"wpcf7-69e1f3f73584b-wrapper\" class=\"wpcf7-form-control-wrap email-address-395-wrap\" style=\"display:none !important; visibility:hidden !important;\"><input type=\"hidden\" name=\"email-address-395-time-start\" value=\"1776415735\"><input type=\"hidden\" name=\"email-address-395-time-check\" value=\"4\"><label for=\"wpcf7-69e1f3f73584b-field\" class=\"hp-message\">Por favor, deja este campo vac\u00edo.<\/label><input id=\"wpcf7-69e1f3f73584b-field\"  class=\"wpcf7-form-control wpcf7-text\" type=\"text\" name=\"email-address-395\" value=\"\" size=\"40\" tabindex=\"-1\" autocomplete=\"new-password\" \/><\/span>\n<input class=\"wpcf7-form-control wpcf7-submit has-spinner\" type=\"submit\" value=\"Env\u00eda\" \/><\/div><div class=\"wpcf7-response-output\" aria-hidden=\"true\"><\/div>\n<\/form>\n<\/div>\n\t\t\t\t\t\t\t\t<\/div>\n\t\t\t\t<\/div>\n\t\t\t\t<div class=\"elementor-element elementor-element-6a2b87d elementor-widget elementor-widget-html\" data-id=\"6a2b87d\" data-element_type=\"widget\" data-e-type=\"widget\" data-widget_type=\"html.default\">\n\t\t\t\t<div class=\"elementor-widget-container\">\n\t\t\t\t\t<style>\n#partner-form {\n  height: 0;\n  opacity: 0;\n  overflow: hidden;\n  transition: height 0.6s ease-in-out, opacity 0.5s ease-in-out;\n  will-change: height, opacity;\n}\n#partner-form.is-open {\n  opacity: 1;\n  overflow: visible;\n}\n<\/style>\n\n<script>\njQuery(document).ready(function($) {\n  const $form = $('#partner-form');\n\n  $('#trigger-program').on('click', function(e) {\n    e.preventDefault();\n\n    if ($form.hasClass('is-open')) {\n      \/\/ \ud83d\udd39 FERMETURE\n      const fullHeight = $form.prop('scrollHeight') + 10; \/\/ +10px\n      $form.css('height', fullHeight + 'px'); \/\/ fixe la hauteur actuelle\n      setTimeout(() =&gt; {\n        $form.css({\n          height: '0',\n          opacity: '0'\n        });\n      }, 20);\n      $form.removeClass('is-open');\n    } else {\n      \/\/ \ud83d\udd39 OUVERTURE\n      const fullHeight = $form.prop('scrollHeight') + 10; \/\/ +10px\n      $form.css({\n        height: fullHeight + 'px',\n        opacity: '1'\n      });\n      $form.addClass('is-open');\n    }\n  });\n\n  \/\/ \ud83d\udd38 Ajuste la hauteur en cas de redimensionnement de fen\u00eatre\n  $(window).on('resize', function() {\n    if ($form.hasClass('is-open')) {\n      const fullHeight = $form.prop('scrollHeight') + 10;\n      $form.css('height', fullHeight + 'px');\n    }\n  });\n});\n<\/script>\t\t\t\t<\/div>\n\t\t\t\t<\/div>\n\t\t\t\t<\/div>\n\t\t<div class=\"elementor-element elementor-element-3fe9b2b e-con-full elementor-hidden-desktop elementor-hidden-tablet elementor-hidden-mobile e-flex e-con e-child\" data-id=\"3fe9b2b\" data-element_type=\"container\" data-e-type=\"container\">\n\t\t\t\t<div class=\"elementor-element elementor-element-e468b55 elementor-align-center elementor-widget elementor-widget-button\" data-id=\"e468b55\" data-element_type=\"widget\" data-e-type=\"widget\" data-widget_type=\"button.default\">\n\t\t\t\t<div class=\"elementor-widget-container\">\n\t\t\t\t\t\t\t\t\t<div class=\"elementor-button-wrapper\">\n\t\t\t\t\t<a class=\"elementor-button elementor-button-link elementor-size-sm\" href=\"#\">\n\t\t\t\t\t\t<span class=\"elementor-button-content-wrapper\">\n\t\t\t\t\t\t\t\t\t<span class=\"elementor-button-text\">Conexi\u00f3n<\/span>\n\t\t\t\t\t<\/span>\n\t\t\t\t\t<\/a>\n\t\t\t\t<\/div>\n\t\t\t\t\t\t\t\t<\/div>\n\t\t\t\t<\/div>\n\t\t\t\t<\/div>\n\t\t\t\t<\/div>\n\t\t\t\t<\/div>\n\t\t\t\t\t<\/div>\n\t\t\t\t<\/div>\n\t\t\t\t<\/div>\n\t\t","protected":false},"excerpt":{"rendered":"<p>\u00danete al Programa de Socios de NacXwan \u00danete a un ecosistema de innovaci\u00f3n y confianza Aumenta tus ingresos recurrentes.Ampl\u00eda y refuerza tu experiencia en redes.En nacXwan, dise\u00f1amos una tecnolog\u00eda de conectividad \u00fanica, creada para responder a los retos actuales de las infraestructuras: rendimiento, seguridad y facilidad de integraci\u00f3n.Creemos en el poder de la colaboraci\u00f3n: nuestro [&hellip;]<\/p>\n","protected":false},"author":2,"featured_media":0,"parent":0,"menu_order":0,"comment_status":"closed","ping_status":"closed","template":"","meta":{"footnotes":""},"class_list":["post-3397","page","type-page","status-publish","hentry"],"_links":{"self":[{"href":"https:\/\/www.nacxwan.com\/es\/wp-json\/wp\/v2\/pages\/3397","targetHints":{"allow":["GET"]}}],"collection":[{"href":"https:\/\/www.nacxwan.com\/es\/wp-json\/wp\/v2\/pages"}],"about":[{"href":"https:\/\/www.nacxwan.com\/es\/wp-json\/wp\/v2\/types\/page"}],"author":[{"embeddable":true,"href":"https:\/\/www.nacxwan.com\/es\/wp-json\/wp\/v2\/users\/2"}],"replies":[{"embeddable":true,"href":"https:\/\/www.nacxwan.com\/es\/wp-json\/wp\/v2\/comments?post=3397"}],"version-history":[{"count":4,"href":"https:\/\/www.nacxwan.com\/es\/wp-json\/wp\/v2\/pages\/3397\/revisions"}],"predecessor-version":[{"id":4021,"href":"https:\/\/www.nacxwan.com\/es\/wp-json\/wp\/v2\/pages\/3397\/revisions\/4021"}],"wp:attachment":[{"href":"https:\/\/www.nacxwan.com\/es\/wp-json\/wp\/v2\/media?parent=3397"}],"curies":[{"name":"wp","href":"https:\/\/api.w.org\/{rel}","templated":true}]}}